{"id":55,"date":"2025-09-15T09:19:22","date_gmt":"2025-09-15T12:19:22","guid":{"rendered":"https:\/\/pharmaesthetics.com.br\/?page_id=55"},"modified":"2025-10-01T07:03:10","modified_gmt":"2025-10-01T10:03:10","slug":"bioflex","status":"publish","type":"page","link":"https:\/\/pharmaesthetics.com.br\/en\/bioflex\/","title":{"rendered":"Bioflex"},"content":{"rendered":"<div data-elementor-type=\"wp-page\" data-elementor-id=\"55\" class=\"elementor elementor-55\" data-elementor-post-type=\"page\">\n\t\t\t\t<div class=\"elementor-element elementor-element-77d9618 e-flex e-con-boxed e-con e-parent\" data-id=\"77d9618\" data-element_type=\"container\" data-e-type=\"container\" data-settings=\"{&quot;background_background&quot;:&quot;classic&quot;}\">\n\t\t\t\t\t<div class=\"e-con-inner\">\n\t\t\t\t\t<\/div>\n\t\t\t\t<\/div>\n\t\t<div class=\"elementor-element elementor-element-68195c0 e-flex e-con-boxed e-con e-parent\" data-id=\"68195c0\" data-element_type=\"container\" data-e-type=\"container\">\n\t\t\t\t\t<div class=\"e-con-inner\">\n\t\t\t\t<div class=\"elementor-element elementor-element-dff3093 elementor-widget elementor-widget-heading\" data-id=\"dff3093\" data-element_type=\"widget\" data-e-type=\"widget\" data-widget_type=\"heading.default\">\n\t\t\t\t\t<h1 class=\"elementor-heading-title elementor-size-default\">Bioflex<sup>\u00ae<\/sup><\/h1>\t\t\t\t<\/div>\n\t\t\t\t<div class=\"elementor-element elementor-element-43b3b3e elementor-widget__width-initial elementor-widget elementor-widget-heading\" data-id=\"43b3b3e\" data-element_type=\"widget\" data-e-type=\"widget\" data-widget_type=\"heading.default\">\n\t\t\t\t\t<p class=\"elementor-heading-title elementor-size-default\">A new generation of microcannulas developed to the highest quality standards for even more precise and safe application.<\/p>\t\t\t\t<\/div>\n\t\t\t\t<div class=\"elementor-element elementor-element-9cc8ce0 elementor-widget__width-initial elementor-widget elementor-widget-heading\" data-id=\"9cc8ce0\" data-element_type=\"widget\" data-e-type=\"widget\" data-widget_type=\"heading.default\">\n\t\t\t\t\t<p class=\"elementor-heading-title elementor-size-default\">Flexible, resistant and anatomical, available in three sizes 22Gx50mm, 25Gx50mm and 27Gx50mm. Specially designed for a more precise and safer application. <\/p>\t\t\t\t<\/div>\n\t\t\t\t<div class=\"elementor-element elementor-element-31c2ad9 elementor-widget__width-initial elementor-widget elementor-widget-heading\" data-id=\"31c2ad9\" data-element_type=\"widget\" data-e-type=\"widget\" data-widget_type=\"heading.default\">\n\t\t\t\t\t<p class=\"elementor-heading-title elementor-size-default\">Anvisa registration: Bioflex<sup>\u00ae<\/sup> Microcannulas: 81621070001<\/p>\t\t\t\t<\/div>\n\t\t\t\t<div class=\"elementor-element elementor-element-9b1a908 elementor-widget elementor-widget-button\" data-id=\"9b1a908\" data-element_type=\"widget\" data-e-type=\"widget\" data-widget_type=\"button.default\">\n\t\t\t\t\t\t\t\t\t\t<a class=\"elementor-button elementor-button-link elementor-size-sm\" href=\"\/wp-content\/uploads\/2025\/09\/Biogelis-catalogo_portugues.pdf\" target=\"_blank\">\n\t\t\t\t\t\t<span class=\"elementor-button-content-wrapper\">\n\t\t\t\t\t\t<span class=\"elementor-button-icon\">\n\t\t\t\t<svg xmlns=\"http:\/\/www.w3.org\/2000\/svg\" width=\"16\" height=\"17\" viewbox=\"0 0 16 17\" fill=\"none\"><g clip-path=\"url(#clip0_275_7510)\"><path d=\"M7.78613 1.72852L14.8801 8.8225L7.79383 15.9088\" stroke=\"#009EDE\" stroke-width=\"1.3\" stroke-miterlimit=\"10\"><\/path><path d=\"M0.699847 8.8148L14.8801 8.8225\" stroke=\"#009EDE\" stroke-width=\"1.3\" stroke-miterlimit=\"10\"><\/path><\/g><defs><clippath id=\"clip0_275_7510\"><rect width=\"11.2272\" height=\"11.2151\" fill=\"white\" transform=\"translate(7.93066 0.884277) rotate(45)\"><\/rect><\/clippath><\/defs><\/svg>\t\t\t<\/span>\n\t\t\t\t\t\t\t\t\t<span class=\"elementor-button-text\">see our complete catalog<\/span>\n\t\t\t\t\t<\/span>\n\t\t\t\t\t<\/a>\n\t\t\t\t\t\t\t\t<\/div>\n\t\t\t\t\t<\/div>\n\t\t\t\t<\/div>\n\t\t<div class=\"elementor-element elementor-element-afe47d0 e-flex e-con-boxed e-con e-parent\" data-id=\"afe47d0\" data-element_type=\"container\" data-e-type=\"container\">\n\t\t\t\t\t<div class=\"e-con-inner\">\n\t\t<div class=\"elementor-element elementor-element-84dd5f5 e-con-full e-flex e-con e-child\" data-id=\"84dd5f5\" data-element_type=\"container\" data-e-type=\"container\">\n\t\t\t\t<div class=\"elementor-element elementor-element-9206c54 elementor-widget elementor-widget-image\" data-id=\"9206c54\" data-element_type=\"widget\" data-e-type=\"widget\" data-widget_type=\"image.default\">\n\t\t\t\t\t\t\t\t\t\t\t\t\t\t\t<img fetchpriority=\"high\" decoding=\"async\" width=\"327\" height=\"479\" src=\"https:\/\/pharmaesthetics.com.br\/wp-content\/uploads\/2025\/09\/bioflex-22-50mm.jpg\" class=\"attachment-full size-full wp-image-143\" alt=\"\" srcset=\"https:\/\/pharmaesthetics.com.br\/wp-content\/uploads\/2025\/09\/bioflex-22-50mm.jpg 327w, https:\/\/pharmaesthetics.com.br\/wp-content\/uploads\/2025\/09\/bioflex-22-50mm-205x300.jpg 205w\" sizes=\"(max-width: 327px) 100vw, 327px\" \/>\t\t\t\t\t\t\t\t\t\t\t\t\t\t\t<\/div>\n\t\t\t\t<div class=\"elementor-element elementor-element-1b8afba elementor-widget__width-initial elementor-widget elementor-widget-heading\" data-id=\"1b8afba\" data-element_type=\"widget\" data-e-type=\"widget\" data-widget_type=\"heading.default\">\n\t\t\t\t\t<h2 class=\"elementor-heading-title elementor-size-default\">Bioflex micro cannula\n22g x 50 mm (50 pcs.)<\/h2>\t\t\t\t<\/div>\n\t\t\t\t<div class=\"elementor-element elementor-element-5f24281 elementor-widget elementor-widget-heading\" data-id=\"5f24281\" data-element_type=\"widget\" data-e-type=\"widget\" data-widget_type=\"heading.default\">\n\t\t\t\t\t<p class=\"elementor-heading-title elementor-size-default\">Box of 50 units, individually wrapped. 22G x 50mm metal cannulas.<\/p>\t\t\t\t<\/div>\n\t\t\t\t<\/div>\n\t\t<div class=\"elementor-element elementor-element-f178ae0 e-con-full e-flex e-con e-child\" data-id=\"f178ae0\" data-element_type=\"container\" data-e-type=\"container\">\n\t\t\t\t<div class=\"elementor-element elementor-element-ca39365 elementor-widget elementor-widget-image\" data-id=\"ca39365\" data-element_type=\"widget\" data-e-type=\"widget\" data-widget_type=\"image.default\">\n\t\t\t\t\t\t\t\t\t\t\t\t\t\t\t<img decoding=\"async\" width=\"327\" height=\"479\" src=\"https:\/\/pharmaesthetics.com.br\/wp-content\/uploads\/2025\/09\/bioflex-25-50mm.jpg\" class=\"attachment-full size-full wp-image-144\" alt=\"\" srcset=\"https:\/\/pharmaesthetics.com.br\/wp-content\/uploads\/2025\/09\/bioflex-25-50mm.jpg 327w, https:\/\/pharmaesthetics.com.br\/wp-content\/uploads\/2025\/09\/bioflex-25-50mm-205x300.jpg 205w\" sizes=\"(max-width: 327px) 100vw, 327px\" \/>\t\t\t\t\t\t\t\t\t\t\t\t\t\t\t<\/div>\n\t\t\t\t<div class=\"elementor-element elementor-element-7deb628 elementor-widget__width-initial elementor-widget elementor-widget-heading\" data-id=\"7deb628\" data-element_type=\"widget\" data-e-type=\"widget\" data-widget_type=\"heading.default\">\n\t\t\t\t\t<h2 class=\"elementor-heading-title elementor-size-default\">Bioflex micro cannula\n25g x 50 mm (50 pcs.)<\/h2>\t\t\t\t<\/div>\n\t\t\t\t<div class=\"elementor-element elementor-element-17c4974 elementor-widget elementor-widget-heading\" data-id=\"17c4974\" data-element_type=\"widget\" data-e-type=\"widget\" data-widget_type=\"heading.default\">\n\t\t\t\t\t<p class=\"elementor-heading-title elementor-size-default\">Box of 50 units, individually wrapped. 25G x 50mm metal cannulas.<\/p>\t\t\t\t<\/div>\n\t\t\t\t<\/div>\n\t\t<div class=\"elementor-element elementor-element-33bf025 e-con-full e-flex e-con e-child\" data-id=\"33bf025\" data-element_type=\"container\" data-e-type=\"container\">\n\t\t\t\t<div class=\"elementor-element elementor-element-ebc9103 elementor-widget elementor-widget-image\" data-id=\"ebc9103\" data-element_type=\"widget\" data-e-type=\"widget\" data-widget_type=\"image.default\">\n\t\t\t\t\t\t\t\t\t\t\t\t\t\t\t<img decoding=\"async\" width=\"327\" height=\"479\" src=\"https:\/\/pharmaesthetics.com.br\/wp-content\/uploads\/2025\/09\/bioflex-27-50mm.jpg\" class=\"attachment-full size-full wp-image-145\" alt=\"\" srcset=\"https:\/\/pharmaesthetics.com.br\/wp-content\/uploads\/2025\/09\/bioflex-27-50mm.jpg 327w, https:\/\/pharmaesthetics.com.br\/wp-content\/uploads\/2025\/09\/bioflex-27-50mm-205x300.jpg 205w\" sizes=\"(max-width: 327px) 100vw, 327px\" \/>\t\t\t\t\t\t\t\t\t\t\t\t\t\t\t<\/div>\n\t\t\t\t<div class=\"elementor-element elementor-element-ebcadc5 elementor-widget__width-initial elementor-widget elementor-widget-heading\" data-id=\"ebcadc5\" data-element_type=\"widget\" data-e-type=\"widget\" data-widget_type=\"heading.default\">\n\t\t\t\t\t<h2 class=\"elementor-heading-title elementor-size-default\">Bioflex micro cannula\n27g x 50 mm (50 pcs.)<\/h2>\t\t\t\t<\/div>\n\t\t\t\t<div class=\"elementor-element elementor-element-f2abdbd elementor-widget elementor-widget-heading\" data-id=\"f2abdbd\" data-element_type=\"widget\" data-e-type=\"widget\" data-widget_type=\"heading.default\">\n\t\t\t\t\t<p class=\"elementor-heading-title elementor-size-default\">Box of 50 units, individually wrapped. 22G x 50mm metal cannulas.<\/p>\t\t\t\t<\/div>\n\t\t\t\t<\/div>\n\t\t<div class=\"elementor-element elementor-element-13bb0fb e-con-full e-flex e-con e-child\" data-id=\"13bb0fb\" data-element_type=\"container\" data-e-type=\"container\">\n\t\t\t\t<div class=\"elementor-element elementor-element-181e591 elementor-widget elementor-widget-image\" data-id=\"181e591\" data-element_type=\"widget\" data-e-type=\"widget\" data-widget_type=\"image.default\">\n\t\t\t\t\t\t\t\t\t\t\t\t\t\t\t<img loading=\"lazy\" decoding=\"async\" width=\"327\" height=\"479\" src=\"https:\/\/pharmaesthetics.com.br\/wp-content\/uploads\/2025\/09\/bioflex-31-5mm.jpg\" class=\"attachment-full size-full wp-image-146\" alt=\"\" srcset=\"https:\/\/pharmaesthetics.com.br\/wp-content\/uploads\/2025\/09\/bioflex-31-5mm.jpg 327w, https:\/\/pharmaesthetics.com.br\/wp-content\/uploads\/2025\/09\/bioflex-31-5mm-205x300.jpg 205w\" sizes=\"(max-width: 327px) 100vw, 327px\" \/>\t\t\t\t\t\t\t\t\t\t\t\t\t\t\t<\/div>\n\t\t\t\t<div class=\"elementor-element elementor-element-aa08034 elementor-widget__width-initial elementor-widget elementor-widget-heading\" data-id=\"aa08034\" data-element_type=\"widget\" data-e-type=\"widget\" data-widget_type=\"heading.default\">\n\t\t\t\t\t<h2 class=\"elementor-heading-title elementor-size-default\">Bioflex Insulin Syringes 31g\n5 mm\/1.0 mL\/cc (100 pcs.)<\/h2>\t\t\t\t<\/div>\n\t\t\t\t<div class=\"elementor-element elementor-element-64f413a elementor-widget elementor-widget-heading\" data-id=\"64f413a\" data-element_type=\"widget\" data-e-type=\"widget\" data-widget_type=\"heading.default\">\n\t\t\t\t\t<p class=\"elementor-heading-title elementor-size-default\">High-quality disposable syringes that offer substantial savings in every application. <\/p>\t\t\t\t<\/div>\n\t\t\t\t<\/div>\n\t\t<div class=\"elementor-element elementor-element-60dfb42 e-con-full e-flex e-con e-child\" data-id=\"60dfb42\" data-element_type=\"container\" data-e-type=\"container\">\n\t\t\t\t<div class=\"elementor-element elementor-element-7bd7dba elementor-widget elementor-widget-image\" data-id=\"7bd7dba\" data-element_type=\"widget\" data-e-type=\"widget\" data-widget_type=\"image.default\">\n\t\t\t\t\t\t\t\t\t\t\t\t\t\t\t<img loading=\"lazy\" decoding=\"async\" width=\"327\" height=\"479\" src=\"https:\/\/pharmaesthetics.com.br\/wp-content\/uploads\/2025\/09\/bioflex-32-03mm.jpg\" class=\"attachment-full size-full wp-image-147\" alt=\"\" srcset=\"https:\/\/pharmaesthetics.com.br\/wp-content\/uploads\/2025\/09\/bioflex-32-03mm.jpg 327w, https:\/\/pharmaesthetics.com.br\/wp-content\/uploads\/2025\/09\/bioflex-32-03mm-205x300.jpg 205w\" sizes=\"(max-width: 327px) 100vw, 327px\" \/>\t\t\t\t\t\t\t\t\t\t\t\t\t\t\t<\/div>\n\t\t\t\t<div class=\"elementor-element elementor-element-3d3d9e4 elementor-widget__width-initial elementor-widget elementor-widget-heading\" data-id=\"3d3d9e4\" data-element_type=\"widget\" data-e-type=\"widget\" data-widget_type=\"heading.default\">\n\t\t\t\t\t<h2 class=\"elementor-heading-title elementor-size-default\">Bioflex Insulin Syringes 32g\n0.3 mm\/1.0 mL\/cc (100 pcs.)<\/h2>\t\t\t\t<\/div>\n\t\t\t\t<div class=\"elementor-element elementor-element-82a43b8 elementor-widget elementor-widget-heading\" data-id=\"82a43b8\" data-element_type=\"widget\" data-e-type=\"widget\" data-widget_type=\"heading.default\">\n\t\t\t\t\t<p class=\"elementor-heading-title elementor-size-default\">High-quality disposable syringes that offer substantial savings in every application.<\/p>\t\t\t\t<\/div>\n\t\t\t\t<\/div>\n\t\t\t\t\t<\/div>\n\t\t\t\t<\/div>\n\t\t<div class=\"elementor-element elementor-element-bef6028 e-flex e-con-boxed e-con e-parent\" data-id=\"bef6028\" data-element_type=\"container\" data-e-type=\"container\" data-settings=\"{&quot;background_background&quot;:&quot;classic&quot;}\">\n\t\t\t\t\t<div class=\"e-con-inner\">\n\t\t<div class=\"elementor-element elementor-element-75caea6 e-con-full e-flex e-con e-child\" data-id=\"75caea6\" data-element_type=\"container\" data-e-type=\"container\">\n\t\t<div class=\"elementor-element elementor-element-f06bec9 e-con-full e-flex e-con e-child\" data-id=\"f06bec9\" data-element_type=\"container\" data-e-type=\"container\">\n\t\t<div class=\"elementor-element elementor-element-50fead8 e-con-full e-flex e-con e-child\" data-id=\"50fead8\" data-element_type=\"container\" data-e-type=\"container\">\n\t\t\t\t<div class=\"elementor-element elementor-element-68262f9 elementor-widget elementor-widget-heading\" data-id=\"68262f9\" data-element_type=\"widget\" data-e-type=\"widget\" data-widget_type=\"heading.default\">\n\t\t\t\t\t<div class=\"elementor-heading-title elementor-size-default\">Why use<\/div>\t\t\t\t<\/div>\n\t\t\t\t<div class=\"elementor-element elementor-element-b1db743 elementor-widget elementor-widget-text-editor\" data-id=\"b1db743\" data-element_type=\"widget\" data-e-type=\"widget\" data-widget_type=\"text-editor.default\">\n\t\t\t\t\t\t\t\t\t<p>Flexible, resistant and anatomical, specially designed for a more precise and safer application.<\/p><p>Its wall is extremely thin and made of special surgical-grade stainless steel.<\/p><p>Its length and flexibility allow it to cover a larger surface area with a single entry point. The design of its blunt tip provides better gliding ability, minimizing the risk of damaging tissues and vessels compared to traditional hypodermic needles.<\/p><p>Procedures are carried out more quickly and with less pain. BioFlex microcannulas<sup>\u00ae<\/sup> give the professional a better ability to manage the treatment, requiring less force for application. This results in less bruising, better patient comfort and increased precision when administering dermal fillers. Its perfect fit reduces the risk of \"pop off\" and leakage.<\/p>\t\t\t\t\t\t\t\t<\/div>\n\t\t\t\t<\/div>\n\t\t<div class=\"elementor-element elementor-element-c898517 e-con-full e-flex e-con e-child\" data-id=\"c898517\" data-element_type=\"container\" data-e-type=\"container\">\n\t\t\t\t<div class=\"elementor-element elementor-element-dd42754 elementor-widget elementor-widget-image\" data-id=\"dd42754\" data-element_type=\"widget\" data-e-type=\"widget\" data-widget_type=\"image.default\">\n\t\t\t\t\t\t\t\t\t\t\t\t\t\t\t<img loading=\"lazy\" decoding=\"async\" width=\"545\" height=\"331\" src=\"https:\/\/pharmaesthetics.com.br\/wp-content\/uploads\/2025\/09\/bioflex-por-que-usar.jpg\" class=\"attachment-full size-full wp-image-149\" alt=\"\" srcset=\"https:\/\/pharmaesthetics.com.br\/wp-content\/uploads\/2025\/09\/bioflex-por-que-usar.jpg 545w, https:\/\/pharmaesthetics.com.br\/wp-content\/uploads\/2025\/09\/bioflex-por-que-usar-300x182.jpg 300w\" sizes=\"(max-width: 545px) 100vw, 545px\" \/>\t\t\t\t\t\t\t\t\t\t\t\t\t\t\t<\/div>\n\t\t\t\t<\/div>\n\t\t\t\t<\/div>\n\t\t\t\t<\/div>\n\t\t\t\t\t<\/div>\n\t\t\t\t<\/div>\n\t\t\t\t<\/div>","protected":false},"excerpt":{"rendered":"<p>Bioflex\u00ae Uma nova gera\u00e7\u00e3o de microc\u00e2nulas desenvolvidas com o mais alto padr\u00e3o de qualidade para uma aplica\u00e7\u00e3o ainda mais precisa e segura. Flex\u00edveis, resistentes e anat\u00f4micas, dispon\u00edvel em tr\u00eas dimens\u00f5es 22Gx50mm, 25Gx50mm e 27Gx50mm. Projetadas especialmente para uma aplica\u00e7\u00e3o mais precisa e segura. Registro Anvisa: Bioflex\u00ae Microc\u00e2nulas: 81621070001 veja nosso cat\u00e1logo completo Bioflex micro cannula [&hellip;]<\/p>\n","protected":false},"author":1,"featured_media":0,"parent":0,"menu_order":0,"comment_status":"closed","ping_status":"closed","template":"","meta":{"footnotes":""},"class_list":["post-55","page","type-page","status-publish","hentry"],"_links":{"self":[{"href":"https:\/\/pharmaesthetics.com.br\/en\/wp-json\/wp\/v2\/pages\/55","targetHints":{"allow":["GET"]}}],"collection":[{"href":"https:\/\/pharmaesthetics.com.br\/en\/wp-json\/wp\/v2\/pages"}],"about":[{"href":"https:\/\/pharmaesthetics.com.br\/en\/wp-json\/wp\/v2\/types\/page"}],"author":[{"embeddable":true,"href":"https:\/\/pharmaesthetics.com.br\/en\/wp-json\/wp\/v2\/users\/1"}],"replies":[{"embeddable":true,"href":"https:\/\/pharmaesthetics.com.br\/en\/wp-json\/wp\/v2\/comments?post=55"}],"version-history":[{"count":0,"href":"https:\/\/pharmaesthetics.com.br\/en\/wp-json\/wp\/v2\/pages\/55\/revisions"}],"wp:attachment":[{"href":"https:\/\/pharmaesthetics.com.br\/en\/wp-json\/wp\/v2\/media?parent=55"}],"curies":[{"name":"wp","href":"https:\/\/api.w.org\/{rel}","templated":true}]}}